{"id":880,"date":"2021-09-01T20:08:37","date_gmt":"2021-09-01T23:08:37","guid":{"rendered":"https:\/\/ceasa.org.br\/livraria\/produto\/jesus-inspiracao-das-relacoes-luminosas\/"},"modified":"2024-06-03T18:44:41","modified_gmt":"2024-06-03T21:44:41","slug":"jesus-inspiracao-das-relacoes-luminosas","status":"publish","type":"product","link":"https:\/\/ceasa.org.br\/livraria\/produto\/jesus-inspiracao-das-relacoes-luminosas\/","title":{"rendered":"JESUS-INSPIRA\u00c7\u00c3O DAS RELA\u00c7\u00d5ES LUMINOSAS"},"content":{"rendered":"<p>AUTOR: WANDERLEY OLIVEIRA\/ERMANCE DUFAUX<\/p>\n","protected":false},"excerpt":{"rendered":"<p>AUTOR: WANDERLEY OLIVEIRA\/ERMANCE DUFAUX<\/p>\n","protected":false},"featured_media":1111,"comment_status":"open","ping_status":"closed","template":"","meta":[],"product_brand":[],"product_cat":[26],"product_tag":[],"class_list":{"0":"post-880","1":"product","2":"type-product","3":"status-publish","4":"has-post-thumbnail","6":"product_cat-sem-categoria","8":"first","9":"instock","10":"taxable","11":"shipping-taxable","12":"purchasable","13":"product-type-simple"},"_links":{"self":[{"href":"https:\/\/ceasa.org.br\/livraria\/wp-json\/wp\/v2\/product\/880","targetHints":{"allow":["GET"]}}],"collection":[{"href":"https:\/\/ceasa.org.br\/livraria\/wp-json\/wp\/v2\/product"}],"about":[{"href":"https:\/\/ceasa.org.br\/livraria\/wp-json\/wp\/v2\/types\/product"}],"replies":[{"embeddable":true,"href":"https:\/\/ceasa.org.br\/livraria\/wp-json\/wp\/v2\/comments?post=880"}],"wp:featuredmedia":[{"embeddable":true,"href":"https:\/\/ceasa.org.br\/livraria\/wp-json\/wp\/v2\/media\/1111"}],"wp:attachment":[{"href":"https:\/\/ceasa.org.br\/livraria\/wp-json\/wp\/v2\/media?parent=880"}],"wp:term":[{"taxonomy":"product_brand","embeddable":true,"href":"https:\/\/ceasa.org.br\/livraria\/wp-json\/wp\/v2\/product_brand?post=880"},{"taxonomy":"product_cat","embeddable":true,"href":"https:\/\/ceasa.org.br\/livraria\/wp-json\/wp\/v2\/product_cat?post=880"},{"taxonomy":"product_tag","embeddable":true,"href":"https:\/\/ceasa.org.br\/livraria\/wp-json\/wp\/v2\/product_tag?post=880"}],"curies":[{"name":"wp","href":"https:\/\/api.w.org\/{rel}","templated":true}]}}