{"id":864,"date":"2021-09-01T20:08:30","date_gmt":"2021-09-01T23:08:30","guid":{"rendered":"https:\/\/ceasa.org.br\/livraria\/produto\/fora-do-trabalho-nao-ha-salvacao-vol-2\/"},"modified":"2024-06-03T18:32:11","modified_gmt":"2024-06-03T21:32:11","slug":"fora-do-trabalho-nao-ha-salvacao-vol-2","status":"publish","type":"product","link":"https:\/\/ceasa.org.br\/livraria\/produto\/fora-do-trabalho-nao-ha-salvacao-vol-2\/","title":{"rendered":"FORA DO TRABALHO N\u00c3O H\u00c1 SALVA\u00c7\u00c3O? Vol.2"},"content":{"rendered":"<p>AUTOR: SAULO MONTEIRO e JULIANE ROVAI<\/p>\n","protected":false},"excerpt":{"rendered":"<p>AUTOR: SAULO MONTEIRO e JULIANE ROVAI<\/p>\n","protected":false},"featured_media":1100,"comment_status":"open","ping_status":"closed","template":"","meta":[],"product_brand":[],"product_cat":[26],"product_tag":[],"class_list":{"0":"post-864","1":"product","2":"type-product","3":"status-publish","4":"has-post-thumbnail","6":"product_cat-sem-categoria","8":"first","9":"instock","10":"taxable","11":"shipping-taxable","12":"purchasable","13":"product-type-simple"},"_links":{"self":[{"href":"https:\/\/ceasa.org.br\/livraria\/wp-json\/wp\/v2\/product\/864","targetHints":{"allow":["GET"]}}],"collection":[{"href":"https:\/\/ceasa.org.br\/livraria\/wp-json\/wp\/v2\/product"}],"about":[{"href":"https:\/\/ceasa.org.br\/livraria\/wp-json\/wp\/v2\/types\/product"}],"replies":[{"embeddable":true,"href":"https:\/\/ceasa.org.br\/livraria\/wp-json\/wp\/v2\/comments?post=864"}],"wp:featuredmedia":[{"embeddable":true,"href":"https:\/\/ceasa.org.br\/livraria\/wp-json\/wp\/v2\/media\/1100"}],"wp:attachment":[{"href":"https:\/\/ceasa.org.br\/livraria\/wp-json\/wp\/v2\/media?parent=864"}],"wp:term":[{"taxonomy":"product_brand","embeddable":true,"href":"https:\/\/ceasa.org.br\/livraria\/wp-json\/wp\/v2\/product_brand?post=864"},{"taxonomy":"product_cat","embeddable":true,"href":"https:\/\/ceasa.org.br\/livraria\/wp-json\/wp\/v2\/product_cat?post=864"},{"taxonomy":"product_tag","embeddable":true,"href":"https:\/\/ceasa.org.br\/livraria\/wp-json\/wp\/v2\/product_tag?post=864"}],"curies":[{"name":"wp","href":"https:\/\/api.w.org\/{rel}","templated":true}]}}