{"id":818,"date":"2021-09-01T20:08:15","date_gmt":"2021-09-01T23:08:15","guid":{"rendered":"https:\/\/ceasa.org.br\/livraria\/produto\/instrucoes-dos-espiritos-vol-ii\/"},"modified":"2024-06-03T18:43:12","modified_gmt":"2024-06-03T21:43:12","slug":"instrucoes-dos-espiritos-vol-ii","status":"publish","type":"product","link":"https:\/\/ceasa.org.br\/livraria\/produto\/instrucoes-dos-espiritos-vol-ii\/","title":{"rendered":"INSTRU\u00c7\u00d5ES DOS ESP\u00cdRITOS &#8211; VOL. II"},"content":{"rendered":"<p>AUTOR: MARIO COELHO (Organizador)<\/p>\n","protected":false},"excerpt":{"rendered":"<p>AUTOR: MARIO COELHO (Organizador)<\/p>\n","protected":false},"featured_media":1109,"comment_status":"open","ping_status":"closed","template":"","meta":[],"product_brand":[],"product_cat":[26],"product_tag":[],"class_list":{"0":"post-818","1":"product","2":"type-product","3":"status-publish","4":"has-post-thumbnail","6":"product_cat-sem-categoria","8":"first","9":"instock","10":"taxable","11":"shipping-taxable","12":"purchasable","13":"product-type-simple"},"_links":{"self":[{"href":"https:\/\/ceasa.org.br\/livraria\/wp-json\/wp\/v2\/product\/818","targetHints":{"allow":["GET"]}}],"collection":[{"href":"https:\/\/ceasa.org.br\/livraria\/wp-json\/wp\/v2\/product"}],"about":[{"href":"https:\/\/ceasa.org.br\/livraria\/wp-json\/wp\/v2\/types\/product"}],"replies":[{"embeddable":true,"href":"https:\/\/ceasa.org.br\/livraria\/wp-json\/wp\/v2\/comments?post=818"}],"wp:featuredmedia":[{"embeddable":true,"href":"https:\/\/ceasa.org.br\/livraria\/wp-json\/wp\/v2\/media\/1109"}],"wp:attachment":[{"href":"https:\/\/ceasa.org.br\/livraria\/wp-json\/wp\/v2\/media?parent=818"}],"wp:term":[{"taxonomy":"product_brand","embeddable":true,"href":"https:\/\/ceasa.org.br\/livraria\/wp-json\/wp\/v2\/product_brand?post=818"},{"taxonomy":"product_cat","embeddable":true,"href":"https:\/\/ceasa.org.br\/livraria\/wp-json\/wp\/v2\/product_cat?post=818"},{"taxonomy":"product_tag","embeddable":true,"href":"https:\/\/ceasa.org.br\/livraria\/wp-json\/wp\/v2\/product_tag?post=818"}],"curies":[{"name":"wp","href":"https:\/\/api.w.org\/{rel}","templated":true}]}}