{"id":796,"date":"2021-09-01T20:08:08","date_gmt":"2021-09-01T23:08:08","guid":{"rendered":"https:\/\/ceasa.org.br\/livraria\/produto\/como-aprendemos-teoria-e-pratica-na-educacao-espirita\/"},"modified":"2024-05-02T17:18:33","modified_gmt":"2024-05-02T20:18:33","slug":"como-aprendemos-teoria-e-pratica-na-educacao-espirita","status":"publish","type":"product","link":"https:\/\/ceasa.org.br\/livraria\/produto\/como-aprendemos-teoria-e-pratica-na-educacao-espirita\/","title":{"rendered":"COMO APRENDEMOS &#8211; Teoria e pr\u00e1tica na educa\u00e7\u00e3o esp\u00edrita"},"content":{"rendered":"<p>AUTOR: LUCIA MOYS\u00c9S<\/p>\n","protected":false},"excerpt":{"rendered":"<p>AUTOR: LUCIA MOYS\u00c9S<\/p>\n","protected":false},"featured_media":1074,"comment_status":"open","ping_status":"closed","template":"","meta":[],"product_brand":[],"product_cat":[26],"product_tag":[],"class_list":{"0":"post-796","1":"product","2":"type-product","3":"status-publish","4":"has-post-thumbnail","6":"product_cat-sem-categoria","8":"first","9":"instock","10":"taxable","11":"shipping-taxable","12":"purchasable","13":"product-type-simple"},"_links":{"self":[{"href":"https:\/\/ceasa.org.br\/livraria\/wp-json\/wp\/v2\/product\/796","targetHints":{"allow":["GET"]}}],"collection":[{"href":"https:\/\/ceasa.org.br\/livraria\/wp-json\/wp\/v2\/product"}],"about":[{"href":"https:\/\/ceasa.org.br\/livraria\/wp-json\/wp\/v2\/types\/product"}],"replies":[{"embeddable":true,"href":"https:\/\/ceasa.org.br\/livraria\/wp-json\/wp\/v2\/comments?post=796"}],"wp:featuredmedia":[{"embeddable":true,"href":"https:\/\/ceasa.org.br\/livraria\/wp-json\/wp\/v2\/media\/1074"}],"wp:attachment":[{"href":"https:\/\/ceasa.org.br\/livraria\/wp-json\/wp\/v2\/media?parent=796"}],"wp:term":[{"taxonomy":"product_brand","embeddable":true,"href":"https:\/\/ceasa.org.br\/livraria\/wp-json\/wp\/v2\/product_brand?post=796"},{"taxonomy":"product_cat","embeddable":true,"href":"https:\/\/ceasa.org.br\/livraria\/wp-json\/wp\/v2\/product_cat?post=796"},{"taxonomy":"product_tag","embeddable":true,"href":"https:\/\/ceasa.org.br\/livraria\/wp-json\/wp\/v2\/product_tag?post=796"}],"curies":[{"name":"wp","href":"https:\/\/api.w.org\/{rel}","templated":true}]}}