{"id":751,"date":"2021-09-01T20:07:53","date_gmt":"2021-09-01T23:07:53","guid":{"rendered":"https:\/\/ceasa.org.br\/livraria\/produto\/que-e-fenomeno-mediunico-o\/"},"modified":"2024-06-05T16:28:08","modified_gmt":"2024-06-05T19:28:08","slug":"que-e-fenomeno-mediunico-o","status":"publish","type":"product","link":"https:\/\/ceasa.org.br\/livraria\/produto\/que-e-fenomeno-mediunico-o\/","title":{"rendered":"QUE \u00c9 FEN\u00d4MENO MEDI\u00daNICO (O)"},"content":{"rendered":"<p>AUTOR: HERMM\u00cdNIO C.MIRANDA<\/p>\n","protected":false},"excerpt":{"rendered":"<p>AUTOR: HERMM\u00cdNIO C.MIRANDA<\/p>\n","protected":false},"featured_media":1140,"comment_status":"open","ping_status":"closed","template":"","meta":[],"product_brand":[],"product_cat":[26],"product_tag":[],"class_list":{"0":"post-751","1":"product","2":"type-product","3":"status-publish","4":"has-post-thumbnail","6":"product_cat-sem-categoria","8":"first","9":"instock","10":"taxable","11":"shipping-taxable","12":"purchasable","13":"product-type-simple"},"_links":{"self":[{"href":"https:\/\/ceasa.org.br\/livraria\/wp-json\/wp\/v2\/product\/751","targetHints":{"allow":["GET"]}}],"collection":[{"href":"https:\/\/ceasa.org.br\/livraria\/wp-json\/wp\/v2\/product"}],"about":[{"href":"https:\/\/ceasa.org.br\/livraria\/wp-json\/wp\/v2\/types\/product"}],"replies":[{"embeddable":true,"href":"https:\/\/ceasa.org.br\/livraria\/wp-json\/wp\/v2\/comments?post=751"}],"wp:featuredmedia":[{"embeddable":true,"href":"https:\/\/ceasa.org.br\/livraria\/wp-json\/wp\/v2\/media\/1140"}],"wp:attachment":[{"href":"https:\/\/ceasa.org.br\/livraria\/wp-json\/wp\/v2\/media?parent=751"}],"wp:term":[{"taxonomy":"product_brand","embeddable":true,"href":"https:\/\/ceasa.org.br\/livraria\/wp-json\/wp\/v2\/product_brand?post=751"},{"taxonomy":"product_cat","embeddable":true,"href":"https:\/\/ceasa.org.br\/livraria\/wp-json\/wp\/v2\/product_cat?post=751"},{"taxonomy":"product_tag","embeddable":true,"href":"https:\/\/ceasa.org.br\/livraria\/wp-json\/wp\/v2\/product_tag?post=751"}],"curies":[{"name":"wp","href":"https:\/\/api.w.org\/{rel}","templated":true}]}}