{"id":729,"date":"2021-09-01T20:07:37","date_gmt":"2021-09-01T23:07:37","guid":{"rendered":"https:\/\/ceasa.org.br\/livraria\/produto\/reencarnacao-e-possivel-provar\/"},"modified":"2024-06-05T16:31:09","modified_gmt":"2024-06-05T19:31:09","slug":"reencarnacao-e-possivel-provar","status":"publish","type":"product","link":"https:\/\/ceasa.org.br\/livraria\/produto\/reencarnacao-e-possivel-provar\/","title":{"rendered":"REENCARNA\u00c7\u00c3O \u00c9 POSS\u00cdVEL PROVAR"},"content":{"rendered":"<p>AUTOR: GERSON SIM\u00d5ES MONTEIRO<\/p>\n","protected":false},"excerpt":{"rendered":"<p>AUTOR: GERSON SIM\u00d5ES MONTEIRO<\/p>\n","protected":false},"featured_media":1200,"comment_status":"open","ping_status":"closed","template":"","meta":[],"product_brand":[],"product_cat":[26],"product_tag":[],"class_list":{"0":"post-729","1":"product","2":"type-product","3":"status-publish","4":"has-post-thumbnail","6":"product_cat-sem-categoria","8":"first","9":"instock","10":"taxable","11":"shipping-taxable","12":"purchasable","13":"product-type-simple"},"_links":{"self":[{"href":"https:\/\/ceasa.org.br\/livraria\/wp-json\/wp\/v2\/product\/729","targetHints":{"allow":["GET"]}}],"collection":[{"href":"https:\/\/ceasa.org.br\/livraria\/wp-json\/wp\/v2\/product"}],"about":[{"href":"https:\/\/ceasa.org.br\/livraria\/wp-json\/wp\/v2\/types\/product"}],"replies":[{"embeddable":true,"href":"https:\/\/ceasa.org.br\/livraria\/wp-json\/wp\/v2\/comments?post=729"}],"wp:featuredmedia":[{"embeddable":true,"href":"https:\/\/ceasa.org.br\/livraria\/wp-json\/wp\/v2\/media\/1200"}],"wp:attachment":[{"href":"https:\/\/ceasa.org.br\/livraria\/wp-json\/wp\/v2\/media?parent=729"}],"wp:term":[{"taxonomy":"product_brand","embeddable":true,"href":"https:\/\/ceasa.org.br\/livraria\/wp-json\/wp\/v2\/product_brand?post=729"},{"taxonomy":"product_cat","embeddable":true,"href":"https:\/\/ceasa.org.br\/livraria\/wp-json\/wp\/v2\/product_cat?post=729"},{"taxonomy":"product_tag","embeddable":true,"href":"https:\/\/ceasa.org.br\/livraria\/wp-json\/wp\/v2\/product_tag?post=729"}],"curies":[{"name":"wp","href":"https:\/\/api.w.org\/{rel}","templated":true}]}}