{"id":715,"date":"2021-09-01T20:07:31","date_gmt":"2021-09-01T23:07:31","guid":{"rendered":"https:\/\/ceasa.org.br\/livraria\/produto\/momento-espirita-vol-iii\/"},"modified":"2021-09-17T12:06:09","modified_gmt":"2021-09-17T15:06:09","slug":"momento-espirita-vol-iii","status":"publish","type":"product","link":"https:\/\/ceasa.org.br\/livraria\/produto\/momento-espirita-vol-iii\/","title":{"rendered":"MOMENTO ESP\u00cdRITA &#8211; VOL III"},"content":{"rendered":"<p>AUTOR: FEDERA\u00c7\u00c3O ESPIRITA DO PARAN\u00c1<\/p>\n","protected":false},"excerpt":{"rendered":"<p>AUTOR: FEDERA\u00c7\u00c3O ESPIRITA DO PARAN\u00c1<\/p>\n","protected":false},"featured_media":1127,"comment_status":"open","ping_status":"closed","template":"","meta":[],"product_brand":[],"product_cat":[26],"product_tag":[],"class_list":{"0":"post-715","1":"product","2":"type-product","3":"status-publish","4":"has-post-thumbnail","6":"product_cat-sem-categoria","8":"first","9":"instock","10":"taxable","11":"shipping-taxable","12":"purchasable","13":"product-type-simple"},"_links":{"self":[{"href":"https:\/\/ceasa.org.br\/livraria\/wp-json\/wp\/v2\/product\/715","targetHints":{"allow":["GET"]}}],"collection":[{"href":"https:\/\/ceasa.org.br\/livraria\/wp-json\/wp\/v2\/product"}],"about":[{"href":"https:\/\/ceasa.org.br\/livraria\/wp-json\/wp\/v2\/types\/product"}],"replies":[{"embeddable":true,"href":"https:\/\/ceasa.org.br\/livraria\/wp-json\/wp\/v2\/comments?post=715"}],"wp:featuredmedia":[{"embeddable":true,"href":"https:\/\/ceasa.org.br\/livraria\/wp-json\/wp\/v2\/media\/1127"}],"wp:attachment":[{"href":"https:\/\/ceasa.org.br\/livraria\/wp-json\/wp\/v2\/media?parent=715"}],"wp:term":[{"taxonomy":"product_brand","embeddable":true,"href":"https:\/\/ceasa.org.br\/livraria\/wp-json\/wp\/v2\/product_brand?post=715"},{"taxonomy":"product_cat","embeddable":true,"href":"https:\/\/ceasa.org.br\/livraria\/wp-json\/wp\/v2\/product_cat?post=715"},{"taxonomy":"product_tag","embeddable":true,"href":"https:\/\/ceasa.org.br\/livraria\/wp-json\/wp\/v2\/product_tag?post=715"}],"curies":[{"name":"wp","href":"https:\/\/api.w.org\/{rel}","templated":true}]}}