{"id":713,"date":"2021-09-01T20:07:31","date_gmt":"2021-09-01T23:07:31","guid":{"rendered":"https:\/\/ceasa.org.br\/livraria\/produto\/a-evangelizacao-na-regeneracao-4-volumes\/"},"modified":"2025-11-26T09:49:44","modified_gmt":"2025-11-26T12:49:44","slug":"a-evangelizacao-na-regeneracao-4-volumes","status":"publish","type":"product","link":"https:\/\/ceasa.org.br\/livraria\/produto\/a-evangelizacao-na-regeneracao-4-volumes\/","title":{"rendered":"A EVANGELIZA\u00c7\u00c3O NA REGENERA\u00c7\u00c3O &#8211; 4 VOLUMES"},"content":{"rendered":"<p>AUTOR: EURIPEDES BARSANULFO \/LUCIO DE ABREU<\/p>\n","protected":false},"excerpt":{"rendered":"<p>AUTOR: EURIPEDES BARSANULFO \/LUCIO DE ABREU<\/p>\n","protected":false},"featured_media":1043,"comment_status":"open","ping_status":"closed","template":"","meta":[],"product_brand":[],"product_cat":[26],"product_tag":[],"class_list":{"0":"post-713","1":"product","2":"type-product","3":"status-publish","4":"has-post-thumbnail","6":"product_cat-sem-categoria","8":"first","9":"outofstock","10":"taxable","11":"shipping-taxable","12":"purchasable","13":"product-type-simple"},"_links":{"self":[{"href":"https:\/\/ceasa.org.br\/livraria\/wp-json\/wp\/v2\/product\/713","targetHints":{"allow":["GET"]}}],"collection":[{"href":"https:\/\/ceasa.org.br\/livraria\/wp-json\/wp\/v2\/product"}],"about":[{"href":"https:\/\/ceasa.org.br\/livraria\/wp-json\/wp\/v2\/types\/product"}],"replies":[{"embeddable":true,"href":"https:\/\/ceasa.org.br\/livraria\/wp-json\/wp\/v2\/comments?post=713"}],"wp:featuredmedia":[{"embeddable":true,"href":"https:\/\/ceasa.org.br\/livraria\/wp-json\/wp\/v2\/media\/1043"}],"wp:attachment":[{"href":"https:\/\/ceasa.org.br\/livraria\/wp-json\/wp\/v2\/media?parent=713"}],"wp:term":[{"taxonomy":"product_brand","embeddable":true,"href":"https:\/\/ceasa.org.br\/livraria\/wp-json\/wp\/v2\/product_brand?post=713"},{"taxonomy":"product_cat","embeddable":true,"href":"https:\/\/ceasa.org.br\/livraria\/wp-json\/wp\/v2\/product_cat?post=713"},{"taxonomy":"product_tag","embeddable":true,"href":"https:\/\/ceasa.org.br\/livraria\/wp-json\/wp\/v2\/product_tag?post=713"}],"curies":[{"name":"wp","href":"https:\/\/api.w.org\/{rel}","templated":true}]}}