{"id":629,"date":"2021-09-01T20:07:03","date_gmt":"2021-09-01T23:07:03","guid":{"rendered":"https:\/\/ceasa.org.br\/livraria\/produto\/cronicas-de-alem-tumulo\/"},"modified":"2024-05-27T19:01:00","modified_gmt":"2024-05-27T22:01:00","slug":"cronicas-de-alem-tumulo","status":"publish","type":"product","link":"https:\/\/ceasa.org.br\/livraria\/produto\/cronicas-de-alem-tumulo\/","title":{"rendered":"CR\u00d4NICAS DE AL\u00c9M-T\u00daMULO"},"content":{"rendered":"<p>AUTOR: CHICO XAVIER\/H. DE CAMPOS<\/p>\n","protected":false},"excerpt":{"rendered":"<p>AUTOR: CHICO XAVIER\/H. DE CAMPOS<\/p>\n","protected":false},"featured_media":920,"comment_status":"open","ping_status":"closed","template":"","meta":[],"product_brand":[],"product_cat":[26],"product_tag":[],"class_list":{"0":"post-629","1":"product","2":"type-product","3":"status-publish","4":"has-post-thumbnail","6":"product_cat-sem-categoria","8":"first","9":"instock","10":"taxable","11":"shipping-taxable","12":"purchasable","13":"product-type-simple"},"_links":{"self":[{"href":"https:\/\/ceasa.org.br\/livraria\/wp-json\/wp\/v2\/product\/629","targetHints":{"allow":["GET"]}}],"collection":[{"href":"https:\/\/ceasa.org.br\/livraria\/wp-json\/wp\/v2\/product"}],"about":[{"href":"https:\/\/ceasa.org.br\/livraria\/wp-json\/wp\/v2\/types\/product"}],"replies":[{"embeddable":true,"href":"https:\/\/ceasa.org.br\/livraria\/wp-json\/wp\/v2\/comments?post=629"}],"wp:featuredmedia":[{"embeddable":true,"href":"https:\/\/ceasa.org.br\/livraria\/wp-json\/wp\/v2\/media\/920"}],"wp:attachment":[{"href":"https:\/\/ceasa.org.br\/livraria\/wp-json\/wp\/v2\/media?parent=629"}],"wp:term":[{"taxonomy":"product_brand","embeddable":true,"href":"https:\/\/ceasa.org.br\/livraria\/wp-json\/wp\/v2\/product_brand?post=629"},{"taxonomy":"product_cat","embeddable":true,"href":"https:\/\/ceasa.org.br\/livraria\/wp-json\/wp\/v2\/product_cat?post=629"},{"taxonomy":"product_tag","embeddable":true,"href":"https:\/\/ceasa.org.br\/livraria\/wp-json\/wp\/v2\/product_tag?post=629"}],"curies":[{"name":"wp","href":"https:\/\/api.w.org\/{rel}","templated":true}]}}