{"id":582,"date":"2021-08-16T23:01:28","date_gmt":"2021-08-17T02:01:28","guid":{"rendered":"http:\/\/ceasa.org.br\/livraria\/?post_type=product&#038;p=582"},"modified":"2026-04-06T21:50:39","modified_gmt":"2026-04-07T00:50:39","slug":"centro-espirita-diretrizes-basicas-e-unificacao","status":"publish","type":"product","link":"https:\/\/ceasa.org.br\/livraria\/produto\/centro-espirita-diretrizes-basicas-e-unificacao\/","title":{"rendered":"CENTRO ESP\u00cdRITA-Diretrizes b\u00e1sicas e Unifica\u00e7\u00e3o"},"content":{"rendered":"<p>AUTOR: CELSO MARTINS e RUBENS BRAGA<\/p>\n","protected":false},"excerpt":{"rendered":"<p>AUTOR: CELSO MARTINS e RUBENS BRAGA<\/p>\n","protected":false},"featured_media":493,"comment_status":"open","ping_status":"closed","template":"","meta":[],"product_brand":[],"product_cat":[26],"product_tag":[],"class_list":{"0":"post-582","1":"product","2":"type-product","3":"status-publish","4":"has-post-thumbnail","6":"product_cat-sem-categoria","8":"first","9":"instock","10":"taxable","11":"shipping-taxable","12":"purchasable","13":"product-type-simple"},"_links":{"self":[{"href":"https:\/\/ceasa.org.br\/livraria\/wp-json\/wp\/v2\/product\/582","targetHints":{"allow":["GET"]}}],"collection":[{"href":"https:\/\/ceasa.org.br\/livraria\/wp-json\/wp\/v2\/product"}],"about":[{"href":"https:\/\/ceasa.org.br\/livraria\/wp-json\/wp\/v2\/types\/product"}],"replies":[{"embeddable":true,"href":"https:\/\/ceasa.org.br\/livraria\/wp-json\/wp\/v2\/comments?post=582"}],"wp:featuredmedia":[{"embeddable":true,"href":"https:\/\/ceasa.org.br\/livraria\/wp-json\/wp\/v2\/media\/493"}],"wp:attachment":[{"href":"https:\/\/ceasa.org.br\/livraria\/wp-json\/wp\/v2\/media?parent=582"}],"wp:term":[{"taxonomy":"product_brand","embeddable":true,"href":"https:\/\/ceasa.org.br\/livraria\/wp-json\/wp\/v2\/product_brand?post=582"},{"taxonomy":"product_cat","embeddable":true,"href":"https:\/\/ceasa.org.br\/livraria\/wp-json\/wp\/v2\/product_cat?post=582"},{"taxonomy":"product_tag","embeddable":true,"href":"https:\/\/ceasa.org.br\/livraria\/wp-json\/wp\/v2\/product_tag?post=582"}],"curies":[{"name":"wp","href":"https:\/\/api.w.org\/{rel}","templated":true}]}}