{"id":538,"date":"2021-08-16T21:31:04","date_gmt":"2021-08-17T00:31:04","guid":{"rendered":"http:\/\/ceasa.org.br\/livraria\/?post_type=product&#038;p=538"},"modified":"2023-03-07T00:37:02","modified_gmt":"2023-03-07T03:37:02","slug":"viver-e-a-melhor-opcao","status":"publish","type":"product","link":"https:\/\/ceasa.org.br\/livraria\/produto\/viver-e-a-melhor-opcao\/","title":{"rendered":"VIVER \u00c9 A MELHOR OP\u00c7\u00c3O"},"content":{"rendered":"<p>AUTOR: ANDR\u00c9 TRINGUEIRO<\/p>\n","protected":false},"excerpt":{"rendered":"<p>AUTOR: ANDR\u00c9 TRINGUEIRO<\/p>\n","protected":false},"featured_media":532,"comment_status":"open","ping_status":"closed","template":"","meta":[],"product_brand":[],"product_cat":[26],"product_tag":[],"class_list":{"0":"post-538","1":"product","2":"type-product","3":"status-publish","4":"has-post-thumbnail","6":"product_cat-sem-categoria","8":"first","9":"instock","10":"taxable","11":"shipping-taxable","12":"purchasable","13":"product-type-simple"},"_links":{"self":[{"href":"https:\/\/ceasa.org.br\/livraria\/wp-json\/wp\/v2\/product\/538","targetHints":{"allow":["GET"]}}],"collection":[{"href":"https:\/\/ceasa.org.br\/livraria\/wp-json\/wp\/v2\/product"}],"about":[{"href":"https:\/\/ceasa.org.br\/livraria\/wp-json\/wp\/v2\/types\/product"}],"replies":[{"embeddable":true,"href":"https:\/\/ceasa.org.br\/livraria\/wp-json\/wp\/v2\/comments?post=538"}],"wp:featuredmedia":[{"embeddable":true,"href":"https:\/\/ceasa.org.br\/livraria\/wp-json\/wp\/v2\/media\/532"}],"wp:attachment":[{"href":"https:\/\/ceasa.org.br\/livraria\/wp-json\/wp\/v2\/media?parent=538"}],"wp:term":[{"taxonomy":"product_brand","embeddable":true,"href":"https:\/\/ceasa.org.br\/livraria\/wp-json\/wp\/v2\/product_brand?post=538"},{"taxonomy":"product_cat","embeddable":true,"href":"https:\/\/ceasa.org.br\/livraria\/wp-json\/wp\/v2\/product_cat?post=538"},{"taxonomy":"product_tag","embeddable":true,"href":"https:\/\/ceasa.org.br\/livraria\/wp-json\/wp\/v2\/product_tag?post=538"}],"curies":[{"name":"wp","href":"https:\/\/api.w.org\/{rel}","templated":true}]}}