{"id":348,"date":"2021-07-22T21:28:47","date_gmt":"2021-07-23T00:28:47","guid":{"rendered":"http:\/\/ceasa.org.br\/livraria\/?post_type=product&#038;p=348"},"modified":"2026-03-23T17:29:30","modified_gmt":"2026-03-23T20:29:30","slug":"o-ceu-e-o-inferno-edicao-historica","status":"publish","type":"product","link":"https:\/\/ceasa.org.br\/livraria\/produto\/o-ceu-e-o-inferno-edicao-historica\/","title":{"rendered":"O C\u00c9U E O INFERNO EDI\u00c7\u00c3O HIST\u00d3RICA &#8211; FEB"},"content":{"rendered":"<p>AUTOR: ALLAN KARDEC<\/p>\n","protected":false},"excerpt":{"rendered":"<p>AUTOR: ALLAN KARDEC<\/p>\n","protected":false},"featured_media":452,"comment_status":"open","ping_status":"closed","template":"","meta":[],"product_brand":[],"product_cat":[26],"product_tag":[],"class_list":{"0":"post-348","1":"product","2":"type-product","3":"status-publish","4":"has-post-thumbnail","6":"product_cat-sem-categoria","8":"first","9":"instock","10":"taxable","11":"shipping-taxable","12":"purchasable","13":"product-type-simple"},"_links":{"self":[{"href":"https:\/\/ceasa.org.br\/livraria\/wp-json\/wp\/v2\/product\/348","targetHints":{"allow":["GET"]}}],"collection":[{"href":"https:\/\/ceasa.org.br\/livraria\/wp-json\/wp\/v2\/product"}],"about":[{"href":"https:\/\/ceasa.org.br\/livraria\/wp-json\/wp\/v2\/types\/product"}],"replies":[{"embeddable":true,"href":"https:\/\/ceasa.org.br\/livraria\/wp-json\/wp\/v2\/comments?post=348"}],"wp:featuredmedia":[{"embeddable":true,"href":"https:\/\/ceasa.org.br\/livraria\/wp-json\/wp\/v2\/media\/452"}],"wp:attachment":[{"href":"https:\/\/ceasa.org.br\/livraria\/wp-json\/wp\/v2\/media?parent=348"}],"wp:term":[{"taxonomy":"product_brand","embeddable":true,"href":"https:\/\/ceasa.org.br\/livraria\/wp-json\/wp\/v2\/product_brand?post=348"},{"taxonomy":"product_cat","embeddable":true,"href":"https:\/\/ceasa.org.br\/livraria\/wp-json\/wp\/v2\/product_cat?post=348"},{"taxonomy":"product_tag","embeddable":true,"href":"https:\/\/ceasa.org.br\/livraria\/wp-json\/wp\/v2\/product_tag?post=348"}],"curies":[{"name":"wp","href":"https:\/\/api.w.org\/{rel}","templated":true}]}}