{"id":344,"date":"2021-07-22T21:20:34","date_gmt":"2021-07-23T00:20:34","guid":{"rendered":"http:\/\/ceasa.org.br\/livraria\/?post_type=product&#038;p=344"},"modified":"2025-07-21T22:00:48","modified_gmt":"2025-07-22T01:00:48","slug":"a-genese-edicao-historica-c-espiral","status":"publish","type":"product","link":"https:\/\/ceasa.org.br\/livraria\/produto\/a-genese-edicao-historica-c-espiral\/","title":{"rendered":"A G\u00caNESE &#8211; EDI\u00c7\u00c3O HIST\u00d3RICA C\/ESPIRAL"},"content":{"rendered":"<p>AUTOR: ALLAN KARDEC<\/p>\n","protected":false},"excerpt":{"rendered":"<p>AUTOR: ALLAN KARDEC<\/p>\n","protected":false},"featured_media":433,"comment_status":"open","ping_status":"closed","template":"","meta":[],"product_brand":[],"product_cat":[26],"product_tag":[],"class_list":{"0":"post-344","1":"product","2":"type-product","3":"status-publish","4":"has-post-thumbnail","6":"product_cat-sem-categoria","8":"first","9":"outofstock","10":"taxable","11":"shipping-taxable","12":"purchasable","13":"product-type-simple"},"_links":{"self":[{"href":"https:\/\/ceasa.org.br\/livraria\/wp-json\/wp\/v2\/product\/344","targetHints":{"allow":["GET"]}}],"collection":[{"href":"https:\/\/ceasa.org.br\/livraria\/wp-json\/wp\/v2\/product"}],"about":[{"href":"https:\/\/ceasa.org.br\/livraria\/wp-json\/wp\/v2\/types\/product"}],"replies":[{"embeddable":true,"href":"https:\/\/ceasa.org.br\/livraria\/wp-json\/wp\/v2\/comments?post=344"}],"wp:featuredmedia":[{"embeddable":true,"href":"https:\/\/ceasa.org.br\/livraria\/wp-json\/wp\/v2\/media\/433"}],"wp:attachment":[{"href":"https:\/\/ceasa.org.br\/livraria\/wp-json\/wp\/v2\/media?parent=344"}],"wp:term":[{"taxonomy":"product_brand","embeddable":true,"href":"https:\/\/ceasa.org.br\/livraria\/wp-json\/wp\/v2\/product_brand?post=344"},{"taxonomy":"product_cat","embeddable":true,"href":"https:\/\/ceasa.org.br\/livraria\/wp-json\/wp\/v2\/product_cat?post=344"},{"taxonomy":"product_tag","embeddable":true,"href":"https:\/\/ceasa.org.br\/livraria\/wp-json\/wp\/v2\/product_tag?post=344"}],"curies":[{"name":"wp","href":"https:\/\/api.w.org\/{rel}","templated":true}]}}