{"id":339,"date":"2021-07-22T21:13:21","date_gmt":"2021-07-23T00:13:21","guid":{"rendered":"http:\/\/ceasa.org.br\/livraria\/?post_type=product&#038;p=339"},"modified":"2024-06-05T16:31:28","modified_gmt":"2024-06-05T19:31:28","slug":"reencarnacao-questao-de-logica","status":"publish","type":"product","link":"https:\/\/ceasa.org.br\/livraria\/produto\/reencarnacao-questao-de-logica\/","title":{"rendered":"REENCARNA\u00c7\u00c3O-quest\u00e3o de l\u00f3gica"},"content":{"rendered":"<p>AUTOR: AM\u00c9RICO DOMINGUES NUNES FILHO<\/p>\n","protected":false},"excerpt":{"rendered":"<p>AUTOR: AM\u00c9RICO DOMINGUES NUNES FILHO<\/p>\n","protected":false},"featured_media":470,"comment_status":"open","ping_status":"closed","template":"","meta":[],"product_brand":[],"product_cat":[26],"product_tag":[],"class_list":{"0":"post-339","1":"product","2":"type-product","3":"status-publish","4":"has-post-thumbnail","6":"product_cat-sem-categoria","8":"first","9":"instock","10":"taxable","11":"shipping-taxable","12":"purchasable","13":"product-type-simple"},"_links":{"self":[{"href":"https:\/\/ceasa.org.br\/livraria\/wp-json\/wp\/v2\/product\/339","targetHints":{"allow":["GET"]}}],"collection":[{"href":"https:\/\/ceasa.org.br\/livraria\/wp-json\/wp\/v2\/product"}],"about":[{"href":"https:\/\/ceasa.org.br\/livraria\/wp-json\/wp\/v2\/types\/product"}],"replies":[{"embeddable":true,"href":"https:\/\/ceasa.org.br\/livraria\/wp-json\/wp\/v2\/comments?post=339"}],"wp:featuredmedia":[{"embeddable":true,"href":"https:\/\/ceasa.org.br\/livraria\/wp-json\/wp\/v2\/media\/470"}],"wp:attachment":[{"href":"https:\/\/ceasa.org.br\/livraria\/wp-json\/wp\/v2\/media?parent=339"}],"wp:term":[{"taxonomy":"product_brand","embeddable":true,"href":"https:\/\/ceasa.org.br\/livraria\/wp-json\/wp\/v2\/product_brand?post=339"},{"taxonomy":"product_cat","embeddable":true,"href":"https:\/\/ceasa.org.br\/livraria\/wp-json\/wp\/v2\/product_cat?post=339"},{"taxonomy":"product_tag","embeddable":true,"href":"https:\/\/ceasa.org.br\/livraria\/wp-json\/wp\/v2\/product_tag?post=339"}],"curies":[{"name":"wp","href":"https:\/\/api.w.org\/{rel}","templated":true}]}}