{"id":229,"date":"2021-07-09T17:28:37","date_gmt":"2021-07-09T20:28:37","guid":{"rendered":"http:\/\/ceasa.org.br\/livraria\/?post_type=product&#038;p=229"},"modified":"2024-06-03T18:42:45","modified_gmt":"2024-06-03T21:42:45","slug":"inspiracoes-do-amor-unico-de-deus","status":"publish","type":"product","link":"https:\/\/ceasa.org.br\/livraria\/produto\/inspiracoes-do-amor-unico-de-deus\/","title":{"rendered":"INSPIRA\u00c7\u00d5ES DO AMOR \u00daNICO DE DEUS"},"content":{"rendered":"<p>AUTOR: ALTIVO C. PAMPHIRO\/ANTONIO DE AQUINO<\/p>\n","protected":false},"excerpt":{"rendered":"<p>AUTOR: ALTIVO C. PAMPHIRO\/ANTONIO DE AQUINO<\/p>\n","protected":false},"featured_media":444,"comment_status":"open","ping_status":"closed","template":"","meta":[],"product_brand":[],"product_cat":[26],"product_tag":[],"class_list":{"0":"post-229","1":"product","2":"type-product","3":"status-publish","4":"has-post-thumbnail","6":"product_cat-sem-categoria","8":"first","9":"instock","10":"taxable","11":"shipping-taxable","12":"purchasable","13":"product-type-simple"},"_links":{"self":[{"href":"https:\/\/ceasa.org.br\/livraria\/wp-json\/wp\/v2\/product\/229","targetHints":{"allow":["GET"]}}],"collection":[{"href":"https:\/\/ceasa.org.br\/livraria\/wp-json\/wp\/v2\/product"}],"about":[{"href":"https:\/\/ceasa.org.br\/livraria\/wp-json\/wp\/v2\/types\/product"}],"replies":[{"embeddable":true,"href":"https:\/\/ceasa.org.br\/livraria\/wp-json\/wp\/v2\/comments?post=229"}],"wp:featuredmedia":[{"embeddable":true,"href":"https:\/\/ceasa.org.br\/livraria\/wp-json\/wp\/v2\/media\/444"}],"wp:attachment":[{"href":"https:\/\/ceasa.org.br\/livraria\/wp-json\/wp\/v2\/media?parent=229"}],"wp:term":[{"taxonomy":"product_brand","embeddable":true,"href":"https:\/\/ceasa.org.br\/livraria\/wp-json\/wp\/v2\/product_brand?post=229"},{"taxonomy":"product_cat","embeddable":true,"href":"https:\/\/ceasa.org.br\/livraria\/wp-json\/wp\/v2\/product_cat?post=229"},{"taxonomy":"product_tag","embeddable":true,"href":"https:\/\/ceasa.org.br\/livraria\/wp-json\/wp\/v2\/product_tag?post=229"}],"curies":[{"name":"wp","href":"https:\/\/api.w.org\/{rel}","templated":true}]}}