{"id":1680,"date":"2024-08-05T18:33:47","date_gmt":"2024-08-05T21:33:47","guid":{"rendered":"https:\/\/ceasa.org.br\/livraria\/?post_type=product&#038;p=1680"},"modified":"2024-08-05T18:33:48","modified_gmt":"2024-08-05T21:33:48","slug":"brasil-patria-e-coracao","status":"publish","type":"product","link":"https:\/\/ceasa.org.br\/livraria\/produto\/brasil-patria-e-coracao\/","title":{"rendered":"BRASIL, P\u00c1TRIA  E CORA\u00c7\u00c3O"},"content":{"rendered":"<p>AUTOR: CARLOS BACCELLI\/PEDRO DE ALCANTARA<\/p>\n","protected":false},"excerpt":{"rendered":"<p>AUTOR: CARLOS BACCELLI\/PEDRO DE ALCANTARA<\/p>\n","protected":false},"featured_media":0,"comment_status":"open","ping_status":"closed","template":"","meta":[],"product_brand":[],"product_cat":[26],"product_tag":[],"class_list":{"0":"post-1680","1":"product","2":"type-product","3":"status-publish","5":"product_cat-sem-categoria","7":"first","8":"instock","9":"taxable","10":"shipping-taxable","11":"purchasable","12":"product-type-simple"},"_links":{"self":[{"href":"https:\/\/ceasa.org.br\/livraria\/wp-json\/wp\/v2\/product\/1680","targetHints":{"allow":["GET"]}}],"collection":[{"href":"https:\/\/ceasa.org.br\/livraria\/wp-json\/wp\/v2\/product"}],"about":[{"href":"https:\/\/ceasa.org.br\/livraria\/wp-json\/wp\/v2\/types\/product"}],"replies":[{"embeddable":true,"href":"https:\/\/ceasa.org.br\/livraria\/wp-json\/wp\/v2\/comments?post=1680"}],"wp:attachment":[{"href":"https:\/\/ceasa.org.br\/livraria\/wp-json\/wp\/v2\/media?parent=1680"}],"wp:term":[{"taxonomy":"product_brand","embeddable":true,"href":"https:\/\/ceasa.org.br\/livraria\/wp-json\/wp\/v2\/product_brand?post=1680"},{"taxonomy":"product_cat","embeddable":true,"href":"https:\/\/ceasa.org.br\/livraria\/wp-json\/wp\/v2\/product_cat?post=1680"},{"taxonomy":"product_tag","embeddable":true,"href":"https:\/\/ceasa.org.br\/livraria\/wp-json\/wp\/v2\/product_tag?post=1680"}],"curies":[{"name":"wp","href":"https:\/\/api.w.org\/{rel}","templated":true}]}}