{"id":1594,"date":"2023-12-18T14:59:25","date_gmt":"2023-12-18T17:59:25","guid":{"rendered":"https:\/\/ceasa.org.br\/livraria\/?post_type=product&#038;p=1594"},"modified":"2023-12-21T15:56:48","modified_gmt":"2023-12-21T18:56:48","slug":"meditacao-conexoes-medico-espiritas","status":"publish","type":"product","link":"https:\/\/ceasa.org.br\/livraria\/produto\/meditacao-conexoes-medico-espiritas\/","title":{"rendered":"MEDITA\u00c7\u00c3O-CONEX\u00d5ES M\u00c9DICO-ESP\u00cdRITAS"},"content":{"rendered":"<p>AUTOR: PAULO ROG\u00c9RIO D.C.AGUIAR<\/p>\n","protected":false},"excerpt":{"rendered":"<p>AUTOR: PAULO ROG\u00c9RIO D.C.AGUIAR<\/p>\n","protected":false},"featured_media":1620,"comment_status":"open","ping_status":"closed","template":"","meta":[],"product_brand":[],"product_cat":[26],"product_tag":[],"class_list":{"0":"post-1594","1":"product","2":"type-product","3":"status-publish","4":"has-post-thumbnail","6":"product_cat-sem-categoria","8":"first","9":"instock","10":"taxable","11":"shipping-taxable","12":"purchasable","13":"product-type-simple"},"_links":{"self":[{"href":"https:\/\/ceasa.org.br\/livraria\/wp-json\/wp\/v2\/product\/1594","targetHints":{"allow":["GET"]}}],"collection":[{"href":"https:\/\/ceasa.org.br\/livraria\/wp-json\/wp\/v2\/product"}],"about":[{"href":"https:\/\/ceasa.org.br\/livraria\/wp-json\/wp\/v2\/types\/product"}],"replies":[{"embeddable":true,"href":"https:\/\/ceasa.org.br\/livraria\/wp-json\/wp\/v2\/comments?post=1594"}],"wp:featuredmedia":[{"embeddable":true,"href":"https:\/\/ceasa.org.br\/livraria\/wp-json\/wp\/v2\/media\/1620"}],"wp:attachment":[{"href":"https:\/\/ceasa.org.br\/livraria\/wp-json\/wp\/v2\/media?parent=1594"}],"wp:term":[{"taxonomy":"product_brand","embeddable":true,"href":"https:\/\/ceasa.org.br\/livraria\/wp-json\/wp\/v2\/product_brand?post=1594"},{"taxonomy":"product_cat","embeddable":true,"href":"https:\/\/ceasa.org.br\/livraria\/wp-json\/wp\/v2\/product_cat?post=1594"},{"taxonomy":"product_tag","embeddable":true,"href":"https:\/\/ceasa.org.br\/livraria\/wp-json\/wp\/v2\/product_tag?post=1594"}],"curies":[{"name":"wp","href":"https:\/\/api.w.org\/{rel}","templated":true}]}}