{"id":1474,"date":"2023-03-01T18:01:35","date_gmt":"2023-03-01T21:01:35","guid":{"rendered":"https:\/\/ceasa.org.br\/livraria\/?post_type=product&#038;p=1474"},"modified":"2024-03-15T09:40:43","modified_gmt":"2024-03-15T12:40:43","slug":"desistir-da-vida-nao-e-solucao","status":"publish","type":"product","link":"https:\/\/ceasa.org.br\/livraria\/produto\/desistir-da-vida-nao-e-solucao\/","title":{"rendered":"DESISTIR DA VIDA N\u00c3O \u00c9 SOLU\u00c7\u00c3O"},"content":{"rendered":"<p>AUTOR:\u00a0 ISABEL SCOQUI<\/p>\n","protected":false},"excerpt":{"rendered":"<p>AUTOR:\u00a0 ISABEL SCOQUI<\/p>\n","protected":false},"featured_media":1509,"comment_status":"open","ping_status":"closed","template":"","meta":[],"product_brand":[],"product_cat":[26],"product_tag":[],"class_list":{"0":"post-1474","1":"product","2":"type-product","3":"status-publish","4":"has-post-thumbnail","6":"product_cat-sem-categoria","8":"first","9":"instock","10":"taxable","11":"shipping-taxable","12":"purchasable","13":"product-type-simple"},"_links":{"self":[{"href":"https:\/\/ceasa.org.br\/livraria\/wp-json\/wp\/v2\/product\/1474","targetHints":{"allow":["GET"]}}],"collection":[{"href":"https:\/\/ceasa.org.br\/livraria\/wp-json\/wp\/v2\/product"}],"about":[{"href":"https:\/\/ceasa.org.br\/livraria\/wp-json\/wp\/v2\/types\/product"}],"replies":[{"embeddable":true,"href":"https:\/\/ceasa.org.br\/livraria\/wp-json\/wp\/v2\/comments?post=1474"}],"wp:featuredmedia":[{"embeddable":true,"href":"https:\/\/ceasa.org.br\/livraria\/wp-json\/wp\/v2\/media\/1509"}],"wp:attachment":[{"href":"https:\/\/ceasa.org.br\/livraria\/wp-json\/wp\/v2\/media?parent=1474"}],"wp:term":[{"taxonomy":"product_brand","embeddable":true,"href":"https:\/\/ceasa.org.br\/livraria\/wp-json\/wp\/v2\/product_brand?post=1474"},{"taxonomy":"product_cat","embeddable":true,"href":"https:\/\/ceasa.org.br\/livraria\/wp-json\/wp\/v2\/product_cat?post=1474"},{"taxonomy":"product_tag","embeddable":true,"href":"https:\/\/ceasa.org.br\/livraria\/wp-json\/wp\/v2\/product_tag?post=1474"}],"curies":[{"name":"wp","href":"https:\/\/api.w.org\/{rel}","templated":true}]}}