{"id":1349,"date":"2022-05-25T13:49:43","date_gmt":"2022-05-25T16:49:43","guid":{"rendered":"https:\/\/ceasa.org.br\/livraria\/?post_type=product&#038;p=1349"},"modified":"2024-03-23T12:12:05","modified_gmt":"2024-03-23T15:12:05","slug":"regeneracao-em-harmonia-com-o-pai","status":"publish","type":"product","link":"https:\/\/ceasa.org.br\/livraria\/produto\/regeneracao-em-harmonia-com-o-pai\/","title":{"rendered":"REGENERA\u00c7\u00c3O: EM HARMONIA COM O PAI"},"content":{"rendered":"<p>SAMUEL GOMES, pelo esp\u00edrito ANDR\u00c9 LUIZ<\/p>\n","protected":false},"excerpt":{"rendered":"<p>SAMUEL GOMES, pelo esp\u00edrito ANDR\u00c9 LUIZ<\/p>\n","protected":false},"featured_media":1453,"comment_status":"open","ping_status":"closed","template":"","meta":[],"product_brand":[],"product_cat":[26],"product_tag":[],"class_list":{"0":"post-1349","1":"product","2":"type-product","3":"status-publish","4":"has-post-thumbnail","6":"product_cat-sem-categoria","8":"first","9":"instock","10":"taxable","11":"shipping-taxable","12":"purchasable","13":"product-type-simple"},"_links":{"self":[{"href":"https:\/\/ceasa.org.br\/livraria\/wp-json\/wp\/v2\/product\/1349","targetHints":{"allow":["GET"]}}],"collection":[{"href":"https:\/\/ceasa.org.br\/livraria\/wp-json\/wp\/v2\/product"}],"about":[{"href":"https:\/\/ceasa.org.br\/livraria\/wp-json\/wp\/v2\/types\/product"}],"replies":[{"embeddable":true,"href":"https:\/\/ceasa.org.br\/livraria\/wp-json\/wp\/v2\/comments?post=1349"}],"wp:featuredmedia":[{"embeddable":true,"href":"https:\/\/ceasa.org.br\/livraria\/wp-json\/wp\/v2\/media\/1453"}],"wp:attachment":[{"href":"https:\/\/ceasa.org.br\/livraria\/wp-json\/wp\/v2\/media?parent=1349"}],"wp:term":[{"taxonomy":"product_brand","embeddable":true,"href":"https:\/\/ceasa.org.br\/livraria\/wp-json\/wp\/v2\/product_brand?post=1349"},{"taxonomy":"product_cat","embeddable":true,"href":"https:\/\/ceasa.org.br\/livraria\/wp-json\/wp\/v2\/product_cat?post=1349"},{"taxonomy":"product_tag","embeddable":true,"href":"https:\/\/ceasa.org.br\/livraria\/wp-json\/wp\/v2\/product_tag?post=1349"}],"curies":[{"name":"wp","href":"https:\/\/api.w.org\/{rel}","templated":true}]}}