{"id":89,"date":"2013-08-11T19:06:15","date_gmt":"2013-08-11T19:06:15","guid":{"rendered":"http:\/\/localhost:8888\/test\/?page_id=520"},"modified":"2021-07-23T22:26:52","modified_gmt":"2021-07-24T01:26:52","slug":"quem-somos","status":"publish","type":"page","link":"https:\/\/ceasa.org.br\/livraria\/quem-somos\/","title":{"rendered":"Quem Somos"},"content":{"rendered":"\n\n  <div class=\"banner has-hover has-parallax\" id=\"banner-1061760983\">\n          <div class=\"banner-inner fill\">\n        <div class=\"banner-bg fill\" data-parallax=\"-3\" data-parallax-container=\".banner\" data-parallax-background>\n            <div class=\"bg fill bg-fill \"><\/div>\n                        <div class=\"overlay\"><\/div>            \n                    <\/div>\n        <div class=\"banner-layers container\">\n            <div class=\"fill banner-link\"><\/div>            \n\n   <div id=\"text-box-1996531480\" class=\"text-box banner-layer x50 md-x50 lg-x50 y80 md-y80 lg-y80 res-text\">\n                                <div class=\"text-box-content text dark\">\n              \n              <div class=\"text-inner text-center\">\n                  \n\n<h1 class=\"lead\">Quem Somos<\/h1>\n<p class=\"lead\">Nossa Hist\u00f3ria<\/p>\n\n              <\/div>\n           <\/div>\n                            \n<style>\n#text-box-1996531480 {\n  width: 60%;\n}\n#text-box-1996531480 .text-box-content {\n  font-size: 100%;\n}\n<\/style>\n    <\/div>\n \n\n        <\/div>\n      <\/div>\n\n            \n<style>\n#banner-1061760983 {\n  padding-top: 507px;\n}\n#banner-1061760983 .bg.bg-loaded {\n  background-image: url(https:\/\/ceasa.org.br\/livraria\/wp-content\/uploads\/2021\/07\/hero-bg-1400x622.jpg);\n}\n#banner-1061760983 .overlay {\n  background-color: rgba(0, 0, 0, 0.49);\n}\n<\/style>\n  <\/div>\n\n\n<div class=\"row\"  id=\"row-1196348267\">\n\n\n\t<div id=\"col-100912892\" class=\"col small-12 large-12\"  >\n\t\t<div class=\"col-inner\"  >\n\t\t\t\n\t\t\t\n\n<div class=\"col-lg-6 home-about-left\">\n<p>O Centro Esp\u00edrita Abel de Sebasti\u00e3o de Almeida surgiu por inspira\u00e7\u00e3o do Astral Superior, tornando-se realidade a aspira\u00e7\u00e3o que, como esp\u00edrita, sempre alimentei, de ver o espiritismo praticado de acordo com o vero Espiritualismo e seguindo, portanto, as orienta\u00e7\u00f5es das Obras codificadas pelo insigne Mestre ALLAN KARDEC.<\/p>\n<p>Arrastando dificuldades, lutando com empecilhos de v\u00e1rios matizes, conseguimos vence-los, pelo esp\u00edrito de compreens\u00e3o, pelo tato de lidar com seres humanos e nesta atitude devota n\u00e3o nos faltou a ajuda de Deus permitindo-nos a prote\u00e7\u00e3o, o est\u00edmulo, o encorajamento e a dedica\u00e7\u00e3o dos esp\u00edritos de Luz. Posso salientar neste resumo hist\u00f3rico, sacrif\u00edcio, abnega\u00e7\u00e3o da pl\u00eaiade de trabalhadores de boa vontade, composta de elementos de ambos os sexos, que se juntaram a mim, neste esfor\u00e7o ingente e fecundo, da cria\u00e7\u00e3o de mais um Centro Esp\u00edrita em nossa Terra.<\/p>\n<p>Ap\u00f3s a realiza\u00e7\u00e3o de sess\u00f5es nas resid\u00eancias de companheiros de mesmo ideal, que deste modo concorreram para retirar as primeiras pedras do caminho, aplainando-o de maneira a torna-lo transit\u00e1vel e favorecido sempre pela Comiss\u00e3o do Irm\u00e3o Abel Sebasti\u00e3o de Almeida conseguimos alugar uma casa a Rua Vitor Meireles, 101 (hoje 271) onde deste ent\u00e3o vem se realizando as sess\u00f5es, tr\u00eas vezes por semana. Formamos os nossos Estatutos e as diretrizes a seguir dentro do Evangelho de Jesus, assim constitu\u00edmos uma Diretoria completa de nove membros.<\/p>\n<p>Tivemos a grata satisfa\u00e7\u00e3o de no dia 25 de Outubro de 1942, inaugurar com brilhantismo o nosso Centro e com uma assist\u00eancia realmente confortadora. Neste p\u00e1lido resumo hist\u00f3rico n\u00e3o citarei nomes de companheiros de lide, para evitar lisonjear a uns e a desagradar a outros. O fato, por\u00e9m, \u00e9 que da primeira Diretoria mantiveram-se firmes em seus postos apenas tr\u00eas diretores, os outros levados por este ou aquele motivo, n\u00e3o aguentaram os embates, as provas pelas quais foram submetidos.<\/p>\n<p>Lan\u00e7ada a campanha da Sede pr\u00f3pria, tudo fizemos atrav\u00e9s de festas e outras atividades para conseguir este objetivo. Realizamos a compra em 1951 a gra\u00e7as a s\u00f3cios e frequentadores do nosso Centro n\u00e3o nos faltaram recursos para solvermos os nossos d\u00e9bitos mensais.<\/p>\n<p>Desde o in\u00edcio foi criado um Consult\u00f3rio M\u00e9dico e, sendo eu m\u00e9dico, caiu sobre os meus ombros a responsabilidade de dirig\u00ed-lo.<\/p>\n<p>Penso ter desincumbido com acerto, bafejado pelas luzes do C\u00e9u, desta miss\u00e3o s\u00e9ria qu\u00e3o sublime de levar al\u00edvio ou a cura aos enfermos mediante os recursos da Portentosa Ci\u00eancia do Escul\u00e1pio. Em 17 de Fevereiro de 1954, criamos o Consult\u00f3rio Odontol\u00f3gico que ainda hoje se acha sob os cuidados do abalizado dentista Dr. Wandeval R. de Almeida, e , devo acrescentar, que o mesmo tem exercido a sua miss\u00e3o com dedica\u00e7\u00e3o e muita efici\u00eancia.<\/p>\n<p>Reformas dos Estatutos foram feitas o que ali\u00e1s, nos proporcionou agir com mais efic\u00e1cia em benef\u00edcio do Centro de um modo geral. O nosso Centro acha-se enquadrado entre as casas Esp\u00edritas nas quais se pratica o verdadeiro Espiritismo e, creio que n\u00e3o nos descuidamos quanto as quest\u00f5es pr\u00e1ticas ou doutrinarias, aconselhados pela Terceira Revela\u00e7\u00e3o. Podem estar seguros que continuaremos marchando, estimulados por Jesus e ritimados pelo lema: \u201c-Para frente, para cima, pelo bem, pelo Espiritismo!&#8230;\u201d<\/p>\n<p>Termino este modesto trabalho, pedindo desculpas por algumas falhas e implorando a Deus que nos aben\u00e7oe e Jesus que ilumine os caminhos que ainda teremos de percorrer para a consecu\u00e7\u00e3o do nosso grande IDEAL.<\/p>\n<p>Syllo Gomes Valente, em Janeiro de 1984.<\/p>\n<\/div>\n<div class=\"text-center\"><div class=\"is-divider divider clearfix\" ><\/div><\/div>\n\n\n\t\t<\/div>\n\t\t\t<\/div>\n\n\t\n\n<\/div>\n\n","protected":false},"excerpt":{"rendered":"","protected":false},"author":1,"featured_media":11,"parent":0,"menu_order":0,"comment_status":"closed","ping_status":"closed","template":"page-blank.php","meta":{"footnotes":""},"class_list":["post-89","page","type-page","status-publish","has-post-thumbnail","hentry"],"_links":{"self":[{"href":"https:\/\/ceasa.org.br\/livraria\/wp-json\/wp\/v2\/pages\/89","targetHints":{"allow":["GET"]}}],"collection":[{"href":"https:\/\/ceasa.org.br\/livraria\/wp-json\/wp\/v2\/pages"}],"about":[{"href":"https:\/\/ceasa.org.br\/livraria\/wp-json\/wp\/v2\/types\/page"}],"author":[{"embeddable":true,"href":"https:\/\/ceasa.org.br\/livraria\/wp-json\/wp\/v2\/users\/1"}],"replies":[{"embeddable":true,"href":"https:\/\/ceasa.org.br\/livraria\/wp-json\/wp\/v2\/comments?post=89"}],"version-history":[{"count":4,"href":"https:\/\/ceasa.org.br\/livraria\/wp-json\/wp\/v2\/pages\/89\/revisions"}],"predecessor-version":[{"id":329,"href":"https:\/\/ceasa.org.br\/livraria\/wp-json\/wp\/v2\/pages\/89\/revisions\/329"}],"wp:featuredmedia":[{"embeddable":true,"href":"https:\/\/ceasa.org.br\/livraria\/wp-json\/wp\/v2\/media\/11"}],"wp:attachment":[{"href":"https:\/\/ceasa.org.br\/livraria\/wp-json\/wp\/v2\/media?parent=89"}],"curies":[{"name":"wp","href":"https:\/\/api.w.org\/{rel}","templated":true}]}}